{"id":12468,"date":"2025-08-07T10:27:43","date_gmt":"2025-08-07T10:27:43","guid":{"rendered":"https:\/\/www.amsed.fr\/EN\/?page_id=12468"},"modified":"2025-10-06T13:39:19","modified_gmt":"2025-10-06T13:39:19","slug":"our-network","status":"publish","type":"page","link":"https:\/\/www.amsed.fr\/EN\/our-network\/","title":{"rendered":"Our Network"},"content":{"rendered":"\t\t<div data-elementor-type=\"wp-page\" data-elementor-id=\"12468\" class=\"elementor elementor-12468\" data-elementor-post-type=\"page\">\n\t\t\t\t<div class=\"elementor-element elementor-element-19b7940 e-flex e-con-boxed e-con e-parent\" data-id=\"19b7940\" data-element_type=\"container\" data-settings=\"{&quot;background_background&quot;:&quot;classic&quot;}\">\n\t\t\t\t\t<div class=\"e-con-inner\">\n\t\t\t\t<div class=\"elementor-element elementor-element-6fe5991 elementor-widget elementor-widget-heading\" data-id=\"6fe5991\" data-element_type=\"widget\" data-widget_type=\"heading.default\">\n\t\t\t\t<div class=\"elementor-widget-container\">\n\t\t\t\t\t<h2 class=\"elementor-heading-title elementor-size-default\">Our Network<\/h2>\t\t\t\t<\/div>\n\t\t\t\t<\/div>\n\t\t\t\t\t<\/div>\n\t\t\t\t<\/div>\n\t\t<div class=\"elementor-element elementor-element-15b824f e-flex e-con-boxed e-con e-parent\" data-id=\"15b824f\" data-element_type=\"container\" data-settings=\"{&quot;background_background&quot;:&quot;classic&quot;}\">\n\t\t\t\t\t<div class=\"e-con-inner\">\n\t\t<div class=\"elementor-element elementor-element-b96b366 e-con-full e-flex e-con e-child\" data-id=\"b96b366\" data-element_type=\"container\" data-settings=\"{&quot;background_background&quot;:&quot;classic&quot;}\">\n\t\t\t\t<div class=\"elementor-element elementor-element-b464683 elementor-widget__width-initial elementor-widget elementor-widget-text-editor\" data-id=\"b464683\" data-element_type=\"widget\" data-widget_type=\"text-editor.default\">\n\t\t\t\t<div class=\"elementor-widget-container\">\n\t\t\t\t\t\t\t\t\t<p>L\u2019AMSED est un r\u00e9seau europ\u00e9en informel regroupant des associations membres issues de toute l\u2019Europe et de la M\u00e9diterran\u00e9e et du monde. Ses membres sont compl\u00e9mentaires et partagent des valeurs communes : inclusion et autonomisation des jeunes avec moins d\u2019opportunit\u00e9s, promotion de la citoyennet\u00e9 europ\u00e9enne, solidarit\u00e9, libert\u00e9, d\u00e9mocratie et respect mutuel.<\/p><p>Anim\u00e9 par la participation citoyenne des jeunes, le r\u00e9seau agit sur des enjeux actuels : employabilit\u00e9, inclusion des migrants et r\u00e9fugi\u00e9s, \u00e9galit\u00e9 des genres, transition num\u00e9rique et \u00e9cologique, lutte contre le changement climatique et innovation sociale. Il favorise la mobilit\u00e9, l\u2019apprentissage interculturel et la solidarit\u00e9 concr\u00e8te dans les communaut\u00e9s locales comme \u00e0 l\u2019\u00e9chelle europ\u00e9enne. En renfor\u00e7ant les comp\u00e9tences, l\u2019esprit critique et l\u2019engagement des jeunes, il contribue \u00e0 b\u00e2tir une soci\u00e9t\u00e9 ouverte et coh\u00e9sive, tout en rapprochant l\u2019Union europ\u00e9enne de sa jeunesse.<\/p><p>\nToutes les informations li\u00e9es au r\u00e9seau peuvent \u00eatre retrouv\u00e9es sur la plateforme en ligne du r\u00e9seau de l\u2019AMSED. Elle est con\u00e7ue comme un espace num\u00e9rique interactif d\u00e9di\u00e9 \u00e0 soutenir les jeunes, les jeunes ayant moins d\u2019opportunit\u00e9s et les acteurs de la jeunesse, de la solidarit\u00e9 et de l\u2019inclusion. Multilingue, cette plateforme rassemble des ressources pratiques (bo\u00eete \u00e0 outils, recommandations&#8230;), des t\u00e9moignages, des newsletters et toutes les actualit\u00e9s du r\u00e9seau, favorisant ainsi la coop\u00e9ration multinationale.<\/p>\t\t\t\t\t\t\t\t<\/div>\n\t\t\t\t<\/div>\n\t\t\t\t<div class=\"elementor-element elementor-element-0f58480 elementor-align-center elementor-widget elementor-widget-button\" data-id=\"0f58480\" data-element_type=\"widget\" data-widget_type=\"button.default\">\n\t\t\t\t<div class=\"elementor-widget-container\">\n\t\t\t\t\t\t\t\t\t<div class=\"elementor-button-wrapper\">\n\t\t\t\t\t<a class=\"elementor-button elementor-button-link elementor-size-sm\" href=\"https:\/\/network.amsed.fr\" target=\"_blank\">\n\t\t\t\t\t\t<span class=\"elementor-button-content-wrapper\">\n\t\t\t\t\t\t\t\t\t<span class=\"elementor-button-text\">Discover the network platform<\/span>\n\t\t\t\t\t<\/span>\n\t\t\t\t\t<\/a>\n\t\t\t\t<\/div>\n\t\t\t\t\t\t\t\t<\/div>\n\t\t\t\t<\/div>\n\t\t\t\t<\/div>\n\t\t\t\t\t<\/div>\n\t\t\t\t<\/div>\n\t\t<div class=\"elementor-element elementor-element-6e20330 elementor-hidden-mobile elementor-hidden-desktop elementor-hidden-tablet e-flex e-con-boxed e-con e-parent\" data-id=\"6e20330\" data-element_type=\"container\">\n\t\t\t\t\t<div class=\"e-con-inner\">\n\t\t<div class=\"elementor-element elementor-element-91cff23 e-con-full e-flex e-con e-child\" data-id=\"91cff23\" data-element_type=\"container\">\n\t\t<div class=\"elementor-element elementor-element-2aaeb1a e-con-full e-flex e-con e-child\" data-id=\"2aaeb1a\" data-element_type=\"container\">\n\t\t\t\t<div class=\"elementor-element elementor-element-bb32a80 elementor-widget__width-initial elementor-widget elementor-widget-image\" data-id=\"bb32a80\" data-element_type=\"widget\" data-widget_type=\"image.default\">\n\t\t\t\t<div class=\"elementor-widget-container\">\n\t\t\t\t\t\t\t\t\t\t\t\t\t\t\t<img fetchpriority=\"high\" decoding=\"async\" width=\"595\" height=\"498\" src=\"https:\/\/www.amsed.fr\/EN\/wp-content\/uploads\/2025\/09\/Logo-amsedd.jpg\" class=\"attachment-large size-large wp-image-13942\" alt=\"\" srcset=\"https:\/\/www.amsed.fr\/EN\/wp-content\/uploads\/2025\/09\/Logo-amsedd.jpg 595w, https:\/\/www.amsed.fr\/EN\/wp-content\/uploads\/2025\/09\/Logo-amsedd-300x251.jpg 300w\" sizes=\"(max-width: 595px) 100vw, 595px\" \/>\t\t\t\t\t\t\t\t\t\t\t\t\t\t\t<\/div>\n\t\t\t\t<\/div>\n\t\t\t\t<\/div>\n\t\t<div class=\"elementor-element elementor-element-5ad62f9 e-con-full e-flex e-con e-child\" data-id=\"5ad62f9\" data-element_type=\"container\">\n\t\t\t\t<div class=\"elementor-element elementor-element-846226c elementor-widget__width-initial elementor-widget elementor-widget-image\" data-id=\"846226c\" data-element_type=\"widget\" data-widget_type=\"image.default\">\n\t\t\t\t<div class=\"elementor-widget-container\">\n\t\t\t\t\t\t\t\t\t\t\t\t\t\t\t<img decoding=\"async\" width=\"960\" height=\"238\" src=\"https:\/\/www.amsed.fr\/EN\/wp-content\/uploads\/2025\/09\/logo-strasbourg-vert.png\" class=\"attachment-large size-large wp-image-13944\" alt=\"\" srcset=\"https:\/\/www.amsed.fr\/EN\/wp-content\/uploads\/2025\/09\/logo-strasbourg-vert.png 960w, https:\/\/www.amsed.fr\/EN\/wp-content\/uploads\/2025\/09\/logo-strasbourg-vert-300x74.png 300w, https:\/\/www.amsed.fr\/EN\/wp-content\/uploads\/2025\/09\/logo-strasbourg-vert-768x190.png 768w\" sizes=\"(max-width: 960px) 100vw, 960px\" \/>\t\t\t\t\t\t\t\t\t\t\t\t\t\t\t<\/div>\n\t\t\t\t<\/div>\n\t\t\t\t<\/div>\n\t\t<div class=\"elementor-element elementor-element-c5d7843 e-con-full e-flex e-con e-child\" data-id=\"c5d7843\" data-element_type=\"container\">\n\t\t\t\t<div class=\"elementor-element elementor-element-12f584a elementor-widget__width-inherit elementor-widget elementor-widget-image\" data-id=\"12f584a\" data-element_type=\"widget\" data-widget_type=\"image.default\">\n\t\t\t\t<div class=\"elementor-widget-container\">\n\t\t\t\t\t\t\t\t\t\t\t\t\t\t\t<img decoding=\"async\" width=\"960\" height=\"302\" src=\"https:\/\/www.amsed.fr\/EN\/wp-content\/uploads\/2025\/09\/LOGO-ANCTMarianne.jpg\" class=\"attachment-large size-large wp-image-13945\" alt=\"\" srcset=\"https:\/\/www.amsed.fr\/EN\/wp-content\/uploads\/2025\/09\/LOGO-ANCTMarianne.jpg 960w, https:\/\/www.amsed.fr\/EN\/wp-content\/uploads\/2025\/09\/LOGO-ANCTMarianne-300x94.jpg 300w, https:\/\/www.amsed.fr\/EN\/wp-content\/uploads\/2025\/09\/LOGO-ANCTMarianne-768x242.jpg 768w\" sizes=\"(max-width: 960px) 100vw, 960px\" \/>\t\t\t\t\t\t\t\t\t\t\t\t\t\t\t<\/div>\n\t\t\t\t<\/div>\n\t\t\t\t<\/div>\n\t\t<div class=\"elementor-element elementor-element-f60d7e4 e-con-full e-flex e-con e-child\" data-id=\"f60d7e4\" data-element_type=\"container\">\n\t\t\t\t<div class=\"elementor-element elementor-element-0ac35dd elementor-widget__width-inherit elementor-widget elementor-widget-image\" data-id=\"0ac35dd\" data-element_type=\"widget\" data-widget_type=\"image.default\">\n\t\t\t\t<div class=\"elementor-widget-container\">\n\t\t\t\t\t\t\t\t\t\t\t\t\t\t\t<img loading=\"lazy\" decoding=\"async\" width=\"960\" height=\"216\" src=\"https:\/\/www.amsed.fr\/EN\/wp-content\/uploads\/2025\/09\/FR_Co-fundedbytheEU_RGB_POS.png\" class=\"attachment-large size-large wp-image-13949\" alt=\"\" srcset=\"https:\/\/www.amsed.fr\/EN\/wp-content\/uploads\/2025\/09\/FR_Co-fundedbytheEU_RGB_POS.png 960w, https:\/\/www.amsed.fr\/EN\/wp-content\/uploads\/2025\/09\/FR_Co-fundedbytheEU_RGB_POS-300x68.png 300w, https:\/\/www.amsed.fr\/EN\/wp-content\/uploads\/2025\/09\/FR_Co-fundedbytheEU_RGB_POS-768x173.png 768w\" sizes=\"(max-width: 960px) 100vw, 960px\" \/>\t\t\t\t\t\t\t\t\t\t\t\t\t\t\t<\/div>\n\t\t\t\t<\/div>\n\t\t\t\t<\/div>\n\t\t\t\t<\/div>\n\t\t\t\t\t<\/div>\n\t\t\t\t<\/div>\n\t\t<div class=\"elementor-element elementor-element-b26f6d0 elementor-hidden-desktop elementor-hidden-tablet e-flex e-con-boxed e-con e-parent\" data-id=\"b26f6d0\" data-element_type=\"container\">\n\t\t\t\t\t<div class=\"e-con-inner\">\n\t\t<div class=\"elementor-element elementor-element-1a073ac e-con-full e-flex e-con e-child\" data-id=\"1a073ac\" data-element_type=\"container\">\n\t\t\t\t<div class=\"elementor-element elementor-element-e7d3c29 elementor-widget__width-initial elementor-widget elementor-widget-image\" data-id=\"e7d3c29\" data-element_type=\"widget\" data-widget_type=\"image.default\">\n\t\t\t\t<div class=\"elementor-widget-container\">\n\t\t\t\t\t\t\t\t\t\t\t\t\t\t\t<img fetchpriority=\"high\" decoding=\"async\" width=\"595\" height=\"498\" src=\"https:\/\/www.amsed.fr\/EN\/wp-content\/uploads\/2025\/09\/Logo-amsedd.jpg\" class=\"attachment-large size-large wp-image-13942\" alt=\"\" srcset=\"https:\/\/www.amsed.fr\/EN\/wp-content\/uploads\/2025\/09\/Logo-amsedd.jpg 595w, https:\/\/www.amsed.fr\/EN\/wp-content\/uploads\/2025\/09\/Logo-amsedd-300x251.jpg 300w\" sizes=\"(max-width: 595px) 100vw, 595px\" \/>\t\t\t\t\t\t\t\t\t\t\t\t\t\t\t<\/div>\n\t\t\t\t<\/div>\n\t\t\t\t<div class=\"elementor-element elementor-element-a3fb6eb elementor-widget__width-initial elementor-widget elementor-widget-image\" data-id=\"a3fb6eb\" data-element_type=\"widget\" data-widget_type=\"image.default\">\n\t\t\t\t<div class=\"elementor-widget-container\">\n\t\t\t\t\t\t\t\t\t\t\t\t\t\t\t<img decoding=\"async\" width=\"960\" height=\"238\" src=\"https:\/\/www.amsed.fr\/EN\/wp-content\/uploads\/2025\/09\/logo-strasbourg-vert.png\" class=\"attachment-large size-large wp-image-13944\" alt=\"\" srcset=\"https:\/\/www.amsed.fr\/EN\/wp-content\/uploads\/2025\/09\/logo-strasbourg-vert.png 960w, https:\/\/www.amsed.fr\/EN\/wp-content\/uploads\/2025\/09\/logo-strasbourg-vert-300x74.png 300w, https:\/\/www.amsed.fr\/EN\/wp-content\/uploads\/2025\/09\/logo-strasbourg-vert-768x190.png 768w\" sizes=\"(max-width: 960px) 100vw, 960px\" \/>\t\t\t\t\t\t\t\t\t\t\t\t\t\t\t<\/div>\n\t\t\t\t<\/div>\n\t\t\t\t<\/div>\n\t\t<div class=\"elementor-element elementor-element-ff380d7 e-con-full e-flex e-con e-child\" data-id=\"ff380d7\" data-element_type=\"container\">\n\t\t\t\t<div class=\"elementor-element elementor-element-680bc26 elementor-widget__width-initial elementor-widget elementor-widget-image\" data-id=\"680bc26\" data-element_type=\"widget\" data-widget_type=\"image.default\">\n\t\t\t\t<div class=\"elementor-widget-container\">\n\t\t\t\t\t\t\t\t\t\t\t\t\t\t\t<img decoding=\"async\" width=\"960\" height=\"302\" src=\"https:\/\/www.amsed.fr\/EN\/wp-content\/uploads\/2025\/09\/LOGO-ANCTMarianne.jpg\" class=\"attachment-large size-large wp-image-13945\" alt=\"\" srcset=\"https:\/\/www.amsed.fr\/EN\/wp-content\/uploads\/2025\/09\/LOGO-ANCTMarianne.jpg 960w, https:\/\/www.amsed.fr\/EN\/wp-content\/uploads\/2025\/09\/LOGO-ANCTMarianne-300x94.jpg 300w, https:\/\/www.amsed.fr\/EN\/wp-content\/uploads\/2025\/09\/LOGO-ANCTMarianne-768x242.jpg 768w\" sizes=\"(max-width: 960px) 100vw, 960px\" \/>\t\t\t\t\t\t\t\t\t\t\t\t\t\t\t<\/div>\n\t\t\t\t<\/div>\n\t\t\t\t<div class=\"elementor-element elementor-element-3b9dd75 elementor-widget__width-initial elementor-widget elementor-widget-image\" data-id=\"3b9dd75\" data-element_type=\"widget\" data-widget_type=\"image.default\">\n\t\t\t\t<div class=\"elementor-widget-container\">\n\t\t\t\t\t\t\t\t\t\t\t\t\t\t\t<img loading=\"lazy\" decoding=\"async\" width=\"960\" height=\"216\" src=\"https:\/\/www.amsed.fr\/EN\/wp-content\/uploads\/2025\/09\/FR_Co-fundedbytheEU_RGB_POS.png\" class=\"attachment-large size-large wp-image-13949\" alt=\"\" srcset=\"https:\/\/www.amsed.fr\/EN\/wp-content\/uploads\/2025\/09\/FR_Co-fundedbytheEU_RGB_POS.png 960w, https:\/\/www.amsed.fr\/EN\/wp-content\/uploads\/2025\/09\/FR_Co-fundedbytheEU_RGB_POS-300x68.png 300w, https:\/\/www.amsed.fr\/EN\/wp-content\/uploads\/2025\/09\/FR_Co-fundedbytheEU_RGB_POS-768x173.png 768w\" sizes=\"(max-width: 960px) 100vw, 960px\" \/>\t\t\t\t\t\t\t\t\t\t\t\t\t\t\t<\/div>\n\t\t\t\t<\/div>\n\t\t\t\t<\/div>\n\t\t\t\t\t<\/div>\n\t\t\t\t<\/div>\n\t\t<div class=\"elementor-element elementor-element-ed5bb06 e-flex e-con-boxed e-con e-parent\" data-id=\"ed5bb06\" data-element_type=\"container\">\n\t\t\t\t\t<div class=\"e-con-inner\">\n\t\t\t\t<div class=\"elementor-element elementor-element-7173aa1 elementor-widget elementor-widget-text-editor\" data-id=\"7173aa1\" data-element_type=\"widget\" data-widget_type=\"text-editor.default\">\n\t\t\t\t<div class=\"elementor-widget-container\">\n\t\t\t\t\t\t\t\t\t<p><em>Funded by the European Union. The views and opinions expressed are those of the author alone and do not necessarily reflect those of the European Union or the European Education and Culture Executive Agency (EACEA). Neither the European Union nor the authority granting the grant can be held responsible for them.<\/em><\/p>\t\t\t\t\t\t\t\t<\/div>\n\t\t\t\t<\/div>\n\t\t\t\t\t<\/div>\n\t\t\t\t<\/div>\n\t\t\t\t<\/div>\n\t\t","protected":false},"excerpt":{"rendered":"<p>Our Network L\u2019AMSED est un r\u00e9seau europ\u00e9en informel regroupant des associations membres issues de toute l\u2019Europe et de la M\u00e9diterran\u00e9e et du monde. Ses membres sont compl\u00e9mentaires et partagent des valeurs communes : inclusion et autonomisation des jeunes avec moins d\u2019opportunit\u00e9s, promotion de la citoyennet\u00e9 europ\u00e9enne, solidarit\u00e9, libert\u00e9, d\u00e9mocratie et respect mutuel. Anim\u00e9 par la [&hellip;]<\/p>\n","protected":false},"author":1,"featured_media":0,"parent":0,"menu_order":0,"comment_status":"closed","ping_status":"closed","template":"","meta":{"site-sidebar-layout":"no-sidebar","site-content-layout":"","ast-site-content-layout":"full-width-container","site-content-style":"default","site-sidebar-style":"default","ast-global-header-display":"","ast-banner-title-visibility":"","ast-main-header-display":"","ast-hfb-above-header-display":"","ast-hfb-below-header-display":"","ast-hfb-mobile-header-display":"","site-post-title":"disabled","ast-breadcrumbs-content":"","ast-featured-img":"disabled","footer-sml-layout":"","theme-transparent-header-meta":"default","adv-header-id-meta":"","stick-header-meta":"","header-above-stick-meta":"","header-main-stick-meta":"","header-below-stick-meta":"","astra-migrate-meta-layouts":"set","ast-page-background-enabled":"default","ast-page-background-meta":{"desktop":{"background-color":"var(--ast-global-color-4)","background-image":"","background-repeat":"repeat","background-position":"center center","background-size":"auto","background-attachment":"scroll","background-type":"","background-media":"","overlay-type":"","overlay-color":"","overlay-opacity":"","overlay-gradient":""},"tablet":{"background-color":"","background-image":"","background-repeat":"repeat","background-position":"center center","background-size":"auto","background-attachment":"scroll","background-type":"","background-media":"","overlay-type":"","overlay-color":"","overlay-opacity":"","overlay-gradient":""},"mobile":{"background-color":"","background-image":"","background-repeat":"repeat","background-position":"center center","background-size":"auto","background-attachment":"scroll","background-type":"","background-media":"","overlay-type":"","overlay-color":"","overlay-opacity":"","overlay-gradient":""}},"ast-content-background-meta":{"desktop":{"background-color":"var(--ast-global-color-5)","background-image":"","background-repeat":"repeat","background-position":"center center","background-size":"auto","background-attachment":"scroll","background-type":"","background-media":"","overlay-type":"","overlay-color":"","overlay-opacity":"","overlay-gradient":""},"tablet":{"background-color":"var(--ast-global-color-5)","background-image":"","background-repeat":"repeat","background-position":"center center","background-size":"auto","background-attachment":"scroll","background-type":"","background-media":"","overlay-type":"","overlay-color":"","overlay-opacity":"","overlay-gradient":""},"mobile":{"background-color":"var(--ast-global-color-5)","background-image":"","background-repeat":"repeat","background-position":"center center","background-size":"auto","background-attachment":"scroll","background-type":"","background-media":"","overlay-type":"","overlay-color":"","overlay-opacity":"","overlay-gradient":""}},"footnotes":""},"class_list":["post-12468","page","type-page","status-publish","hentry"],"rttpg_featured_image_url":null,"rttpg_author":{"display_name":"admin","author_link":"https:\/\/www.amsed.fr\/EN\/author\/admin\/"},"rttpg_comment":0,"rttpg_category":null,"rttpg_excerpt":"Our Network L\u2019AMSED est un r\u00e9seau europ\u00e9en informel regroupant des associations membres issues de toute l\u2019Europe et de la M\u00e9diterran\u00e9e et du monde. Ses membres sont compl\u00e9mentaires et partagent des valeurs communes : inclusion et autonomisation des jeunes avec moins d\u2019opportunit\u00e9s, promotion de la citoyennet\u00e9 europ\u00e9enne, solidarit\u00e9, libert\u00e9, d\u00e9mocratie et respect mutuel. Anim\u00e9 par la\u2026","_links":{"self":[{"href":"https:\/\/www.amsed.fr\/EN\/wp-json\/wp\/v2\/pages\/12468","targetHints":{"allow":["GET"]}}],"collection":[{"href":"https:\/\/www.amsed.fr\/EN\/wp-json\/wp\/v2\/pages"}],"about":[{"href":"https:\/\/www.amsed.fr\/EN\/wp-json\/wp\/v2\/types\/page"}],"author":[{"embeddable":true,"href":"https:\/\/www.amsed.fr\/EN\/wp-json\/wp\/v2\/users\/1"}],"replies":[{"embeddable":true,"href":"https:\/\/www.amsed.fr\/EN\/wp-json\/wp\/v2\/comments?post=12468"}],"version-history":[{"count":56,"href":"https:\/\/www.amsed.fr\/EN\/wp-json\/wp\/v2\/pages\/12468\/revisions"}],"predecessor-version":[{"id":14526,"href":"https:\/\/www.amsed.fr\/EN\/wp-json\/wp\/v2\/pages\/12468\/revisions\/14526"}],"wp:attachment":[{"href":"https:\/\/www.amsed.fr\/EN\/wp-json\/wp\/v2\/media?parent=12468"}],"curies":[{"name":"wp","href":"https:\/\/api.w.org\/{rel}","templated":true}]}}