{"id":10989,"date":"2024-08-06T00:18:51","date_gmt":"2024-08-06T00:18:51","guid":{"rendered":"https:\/\/www.amsed.fr\/EN\/?page_id=10989"},"modified":"2025-10-06T13:33:57","modified_gmt":"2025-10-06T13:33:57","slug":"who-we-are","status":"publish","type":"page","link":"https:\/\/www.amsed.fr\/EN\/who-we-are\/","title":{"rendered":"WHO WE ARE ?"},"content":{"rendered":"\t\t<div data-elementor-type=\"wp-page\" data-elementor-id=\"10989\" class=\"elementor elementor-10989\" data-elementor-post-type=\"page\">\n\t\t\t\t<div class=\"elementor-element elementor-element-bb57bc7 e-flex e-con-boxed e-con e-parent\" data-id=\"bb57bc7\" data-element_type=\"container\" data-settings=\"{&quot;background_background&quot;:&quot;classic&quot;}\">\n\t\t\t\t\t<div class=\"e-con-inner\">\n\t\t\t\t<div class=\"elementor-element elementor-element-ff9e42f elementor-widget elementor-widget-heading\" data-id=\"ff9e42f\" data-element_type=\"widget\" data-widget_type=\"heading.default\">\n\t\t\t\t<div class=\"elementor-widget-container\">\n\t\t\t\t\t<h2 class=\"elementor-heading-title elementor-size-default\">Who are we?<\/h2>\t\t\t\t<\/div>\n\t\t\t\t<\/div>\n\t\t\t\t\t<\/div>\n\t\t\t\t<\/div>\n\t\t<div class=\"elementor-element elementor-element-5130488 e-flex e-con-boxed e-con e-parent\" data-id=\"5130488\" data-element_type=\"container\" data-settings=\"{&quot;background_background&quot;:&quot;classic&quot;}\">\n\t\t\t\t\t<div class=\"e-con-inner\">\n\t\t<div class=\"elementor-element elementor-element-b8da52f e-con-full e-flex e-con e-child\" data-id=\"b8da52f\" data-element_type=\"container\" data-settings=\"{&quot;background_background&quot;:&quot;classic&quot;}\">\n\t\t\t\t<div class=\"elementor-element elementor-element-c40ed85 elementor-widget elementor-widget-image\" data-id=\"c40ed85\" data-element_type=\"widget\" data-widget_type=\"image.default\">\n\t\t\t\t<div class=\"elementor-widget-container\">\n\t\t\t\t\t\t\t\t\t\t\t\t\t\t\t<img fetchpriority=\"high\" decoding=\"async\" width=\"853\" height=\"640\" src=\"https:\/\/www.amsed.fr\/EN\/wp-content\/uploads\/2025\/09\/Reunion-reseau-octobre-2023.jpg\" class=\"attachment-large size-large wp-image-13862\" alt=\"\" srcset=\"https:\/\/www.amsed.fr\/EN\/wp-content\/uploads\/2025\/09\/Reunion-reseau-octobre-2023.jpg 853w, https:\/\/www.amsed.fr\/EN\/wp-content\/uploads\/2025\/09\/Reunion-reseau-octobre-2023-300x225.jpg 300w, https:\/\/www.amsed.fr\/EN\/wp-content\/uploads\/2025\/09\/Reunion-reseau-octobre-2023-768x576.jpg 768w\" sizes=\"(max-width: 853px) 100vw, 853px\" \/>\t\t\t\t\t\t\t\t\t\t\t\t\t\t\t<\/div>\n\t\t\t\t<\/div>\n\t\t\t\t<\/div>\n\t\t<div class=\"elementor-element elementor-element-69329e2 e-con-full e-flex e-con e-child\" data-id=\"69329e2\" data-element_type=\"container\">\n\t\t\t\t<div class=\"elementor-element elementor-element-181e52b elementor-widget__width-initial elementor-widget elementor-widget-text-editor\" data-id=\"181e52b\" data-element_type=\"widget\" data-widget_type=\"text-editor.default\">\n\t\t\t\t<div class=\"elementor-widget-container\">\n\t\t\t\t\t\t\t\t\t<p><b>The Association Migration Solidarit\u00e9 et \u00c9changes pour le D\u00e9veloppement (AMSED) <\/b>is a European and international network committed to the socio-educational and professional inclusion of young people with fewer opportunities, disadvantaged people and all those who aspire to flourish fully in society. Based in Strasbourg, AMSED works locally, regionally and internationally to promote solidarity, equal opportunities, inclusion, citizen participation, respect for human rights and cultural diversity.<\/p>\t\t\t\t\t\t\t\t<\/div>\n\t\t\t\t<\/div>\n\t\t\t\t<\/div>\n\t\t\t\t\t<\/div>\n\t\t\t\t<\/div>\n\t\t<div class=\"elementor-element elementor-element-9510469 e-flex e-con-boxed e-con e-parent\" data-id=\"9510469\" data-element_type=\"container\">\n\t\t\t\t\t<div class=\"e-con-inner\">\n\t\t\t\t<div class=\"elementor-element elementor-element-9c9675a elementor-widget__width-initial elementor-widget elementor-widget-text-editor\" data-id=\"9c9675a\" data-element_type=\"widget\" data-widget_type=\"text-editor.default\">\n\t\t\t\t<div class=\"elementor-widget-container\">\n\t\t\t\t\t\t\t\t\t<p>Our values \u2013 <strong>solidarity, education, fairness, respect, freedom, cooperation, reciprocity<\/strong> \u2013 guide everything we do. We create inclusive spaces, facilitate access to resources and opportunities, and encourage autonomy. Our vision is of a tolerant, open world that is capable of adapting to change and where everyone is encouraged to restore their human dignity.<\/p>\t\t\t\t\t\t\t\t<\/div>\n\t\t\t\t<\/div>\n\t\t\t\t\t<\/div>\n\t\t\t\t<\/div>\n\t\t<div class=\"elementor-element elementor-element-291dd00 e-flex e-con-boxed e-con e-parent\" data-id=\"291dd00\" data-element_type=\"container\" data-settings=\"{&quot;background_background&quot;:&quot;classic&quot;}\">\n\t\t\t\t\t<div class=\"e-con-inner\">\n\t\t<div class=\"elementor-element elementor-element-7aa603a e-con-full e-flex e-con e-child\" data-id=\"7aa603a\" data-element_type=\"container\">\n\t\t\t\t<div class=\"elementor-element elementor-element-410d39f elementor-widget-mobile__width-initial elementor-widget elementor-widget-heading\" data-id=\"410d39f\" data-element_type=\"widget\" data-widget_type=\"heading.default\">\n\t\t\t\t<div class=\"elementor-widget-container\">\n\t\t\t\t\t<h2 class=\"elementor-heading-title elementor-size-default\">Our main areas of action<\/h2>\t\t\t\t<\/div>\n\t\t\t\t<\/div>\n\t\t\t\t<div class=\"elementor-element elementor-element-77dcc3f elementor-widget__width-initial elementor-widget elementor-widget-text-editor\" data-id=\"77dcc3f\" data-element_type=\"widget\" data-widget_type=\"text-editor.default\">\n\t\t\t\t<div class=\"elementor-widget-container\">\n\t\t\t\t\t\t\t\t\t<ul><li><b>Inclusion, equal opportunities and diversity<\/b>: combating discrimination and removing social, economic and linguistic barriers.<\/li><li><b>Youth participation in democratic life<\/b>: civic engagement, citizenship education and international mobility.<\/li><li><b>Sustainable development<\/b>: raising environmental awareness, adopting eco-responsible practices and combating climate change.<\/li><li><b>Inclusive digital transformation<\/b>: reducing the digital divide and developing digital skills.<\/li><li><b>Social innovation<\/b>: creating solutions to current and emerging societal challenges.<\/li><\/ul>\t\t\t\t\t\t\t\t<\/div>\n\t\t\t\t<\/div>\n\t\t\t\t<\/div>\n\t\t<div class=\"elementor-element elementor-element-1c4c0df e-con-full e-flex e-con e-child\" data-id=\"1c4c0df\" data-element_type=\"container\">\n\t\t\t\t<div class=\"elementor-element elementor-element-3272932 elementor-widget elementor-widget-image\" data-id=\"3272932\" data-element_type=\"widget\" data-widget_type=\"image.default\">\n\t\t\t\t<div class=\"elementor-widget-container\">\n\t\t\t\t\t\t\t\t\t\t\t\t\t\t\t<img decoding=\"async\" width=\"853\" height=\"640\" src=\"https:\/\/www.amsed.fr\/EN\/wp-content\/uploads\/2025\/09\/Seminaire-Fake-news-2025-29.jpg\" class=\"attachment-large size-large wp-image-13866\" alt=\"\" srcset=\"https:\/\/www.amsed.fr\/EN\/wp-content\/uploads\/2025\/09\/Seminaire-Fake-news-2025-29.jpg 853w, https:\/\/www.amsed.fr\/EN\/wp-content\/uploads\/2025\/09\/Seminaire-Fake-news-2025-29-300x225.jpg 300w, https:\/\/www.amsed.fr\/EN\/wp-content\/uploads\/2025\/09\/Seminaire-Fake-news-2025-29-768x576.jpg 768w\" sizes=\"(max-width: 853px) 100vw, 853px\" \/>\t\t\t\t\t\t\t\t\t\t\t\t\t\t\t<\/div>\n\t\t\t\t<\/div>\n\t\t\t\t<\/div>\n\t\t\t\t\t<\/div>\n\t\t\t\t<\/div>\n\t\t<div class=\"elementor-element elementor-element-214c33c e-flex e-con-boxed e-con e-parent\" data-id=\"214c33c\" data-element_type=\"container\" data-settings=\"{&quot;background_background&quot;:&quot;classic&quot;}\">\n\t\t\t\t\t<div class=\"e-con-inner\">\n\t\t<div class=\"elementor-element elementor-element-f9e506b e-con-full e-flex e-con e-child\" data-id=\"f9e506b\" data-element_type=\"container\" data-settings=\"{&quot;background_background&quot;:&quot;classic&quot;}\">\n\t\t\t\t<div class=\"elementor-element elementor-element-c9d3722 elementor-widget__width-initial elementor-widget elementor-widget-text-editor\" data-id=\"c9d3722\" data-element_type=\"widget\" data-widget_type=\"text-editor.default\">\n\t\t\t\t<div class=\"elementor-widget-container\">\n\t\t\t\t\t\t\t\t\t<p>All information related to the network can be found on the AMSED network&rsquo;s online platform. It is designed as an interactive digital space dedicated to supporting young people, young people with fewer opportunities, and those involved in youth work, solidarity and inclusion. This multilingual platform brings together practical resources (toolboxes, recommendations, etc.), testimonials, newsletters and all the latest news from the network, thereby promoting multinational cooperation.<\/p>\t\t\t\t\t\t\t\t<\/div>\n\t\t\t\t<\/div>\n\t\t\t\t<div class=\"elementor-element elementor-element-9334a54 elementor-align-center elementor-widget elementor-widget-button\" data-id=\"9334a54\" data-element_type=\"widget\" data-widget_type=\"button.default\">\n\t\t\t\t<div class=\"elementor-widget-container\">\n\t\t\t\t\t\t\t\t\t<div class=\"elementor-button-wrapper\">\n\t\t\t\t\t<a class=\"elementor-button elementor-button-link elementor-size-sm\" href=\"https:\/\/network.amsed.fr\/en\/\" target=\"_blank\">\n\t\t\t\t\t\t<span class=\"elementor-button-content-wrapper\">\n\t\t\t\t\t\t\t\t\t<span class=\"elementor-button-text\">Discover the network platform<\/span>\n\t\t\t\t\t<\/span>\n\t\t\t\t\t<\/a>\n\t\t\t\t<\/div>\n\t\t\t\t\t\t\t\t<\/div>\n\t\t\t\t<\/div>\n\t\t\t\t<\/div>\n\t\t\t\t\t<\/div>\n\t\t\t\t<\/div>\n\t\t<div class=\"elementor-element elementor-element-01f9d13 e-flex e-con-boxed e-con e-parent\" data-id=\"01f9d13\" data-element_type=\"container\">\n\t\t\t\t\t<div class=\"e-con-inner\">\n\t\t\t\t<div class=\"elementor-element elementor-element-94defb3 elementor-widget elementor-widget-text-editor\" data-id=\"94defb3\" data-element_type=\"widget\" data-widget_type=\"text-editor.default\">\n\t\t\t\t<div class=\"elementor-widget-container\">\n\t\t\t\t\t\t\t\t\t<p><em>Funded by the European Union. The views and opinions expressed are those of the author alone and do not necessarily reflect those of the European Union or the European Education and Culture Executive Agency (EACEA). Neither the European Union nor the authority granting the grant can be held responsible for them.<\/em><\/p>\t\t\t\t\t\t\t\t<\/div>\n\t\t\t\t<\/div>\n\t\t\t\t\t<\/div>\n\t\t\t\t<\/div>\n\t\t\t\t<\/div>\n\t\t","protected":false},"excerpt":{"rendered":"<p>Who are we? The Association Migration Solidarit\u00e9 et \u00c9changes pour le D\u00e9veloppement (AMSED) is a European and international network committed to the socio-educational and professional inclusion of young people with fewer opportunities, disadvantaged people and all those who aspire to flourish fully in society. Based in Strasbourg, AMSED works locally, regionally and internationally to promote [&hellip;]<\/p>\n","protected":false},"author":1,"featured_media":0,"parent":0,"menu_order":0,"comment_status":"closed","ping_status":"closed","template":"","meta":{"site-sidebar-layout":"no-sidebar","site-content-layout":"","ast-site-content-layout":"full-width-container","site-content-style":"default","site-sidebar-style":"default","ast-global-header-display":"","ast-banner-title-visibility":"","ast-main-header-display":"","ast-hfb-above-header-display":"","ast-hfb-below-header-display":"","ast-hfb-mobile-header-display":"","site-post-title":"disabled","ast-breadcrumbs-content":"","ast-featured-img":"disabled","footer-sml-layout":"","theme-transparent-header-meta":"default","adv-header-id-meta":"","stick-header-meta":"","header-above-stick-meta":"","header-main-stick-meta":"","header-below-stick-meta":"","astra-migrate-meta-layouts":"set","ast-page-background-enabled":"default","ast-page-background-meta":{"desktop":{"background-color":"var(--ast-global-color-4)","background-image":"","background-repeat":"repeat","background-position":"center center","background-size":"auto","background-attachment":"scroll","background-type":"","background-media":"","overlay-type":"","overlay-color":"","overlay-opacity":"","overlay-gradient":""},"tablet":{"background-color":"","background-image":"","background-repeat":"repeat","background-position":"center center","background-size":"auto","background-attachment":"scroll","background-type":"","background-media":"","overlay-type":"","overlay-color":"","overlay-opacity":"","overlay-gradient":""},"mobile":{"background-color":"","background-image":"","background-repeat":"repeat","background-position":"center center","background-size":"auto","background-attachment":"scroll","background-type":"","background-media":"","overlay-type":"","overlay-color":"","overlay-opacity":"","overlay-gradient":""}},"ast-content-background-meta":{"desktop":{"background-color":"var(--ast-global-color-5)","background-image":"","background-repeat":"repeat","background-position":"center center","background-size":"auto","background-attachment":"scroll","background-type":"","background-media":"","overlay-type":"","overlay-color":"","overlay-opacity":"","overlay-gradient":""},"tablet":{"background-color":"var(--ast-global-color-5)","background-image":"","background-repeat":"repeat","background-position":"center center","background-size":"auto","background-attachment":"scroll","background-type":"","background-media":"","overlay-type":"","overlay-color":"","overlay-opacity":"","overlay-gradient":""},"mobile":{"background-color":"var(--ast-global-color-5)","background-image":"","background-repeat":"repeat","background-position":"center center","background-size":"auto","background-attachment":"scroll","background-type":"","background-media":"","overlay-type":"","overlay-color":"","overlay-opacity":"","overlay-gradient":""}},"footnotes":""},"class_list":["post-10989","page","type-page","status-publish","hentry"],"rttpg_featured_image_url":null,"rttpg_author":{"display_name":"admin","author_link":"https:\/\/www.amsed.fr\/EN\/author\/admin\/"},"rttpg_comment":0,"rttpg_category":null,"rttpg_excerpt":"Who are we? The Association Migration Solidarit\u00e9 et \u00c9changes pour le D\u00e9veloppement (AMSED) is a European and international network committed to the socio-educational and professional inclusion of young people with fewer opportunities, disadvantaged people and all those who aspire to flourish fully in society. Based in Strasbourg, AMSED works locally, regionally and internationally to promote\u2026","_links":{"self":[{"href":"https:\/\/www.amsed.fr\/EN\/wp-json\/wp\/v2\/pages\/10989","targetHints":{"allow":["GET"]}}],"collection":[{"href":"https:\/\/www.amsed.fr\/EN\/wp-json\/wp\/v2\/pages"}],"about":[{"href":"https:\/\/www.amsed.fr\/EN\/wp-json\/wp\/v2\/types\/page"}],"author":[{"embeddable":true,"href":"https:\/\/www.amsed.fr\/EN\/wp-json\/wp\/v2\/users\/1"}],"replies":[{"embeddable":true,"href":"https:\/\/www.amsed.fr\/EN\/wp-json\/wp\/v2\/comments?post=10989"}],"version-history":[{"count":157,"href":"https:\/\/www.amsed.fr\/EN\/wp-json\/wp\/v2\/pages\/10989\/revisions"}],"predecessor-version":[{"id":14517,"href":"https:\/\/www.amsed.fr\/EN\/wp-json\/wp\/v2\/pages\/10989\/revisions\/14517"}],"wp:attachment":[{"href":"https:\/\/www.amsed.fr\/EN\/wp-json\/wp\/v2\/media?parent=10989"}],"curies":[{"name":"wp","href":"https:\/\/api.w.org\/{rel}","templated":true}]}}